{"id":31521,"date":"2022-01-10T04:12:20","date_gmt":"2022-01-10T09:12:20","guid":{"rendered":"https:\/\/www.isvara.org\/archive\/?page_id=31521"},"modified":"2024-04-05T12:39:32","modified_gmt":"2024-04-05T16:39:32","slug":"area2-info-in-english-espanol-italiano","status":"publish","type":"page","link":"https:\/\/www.isvara.org\/archive\/area2-info-in-english-espanol-italiano\/","title":{"rendered":"Area2 &#8211; info in English, Espa\u00f1ol, Italiano"},"content":{"rendered":"<h4><span style=\"font-family: verdana, geneva, sans-serif; font-size: 16px;\"><span style=\"color: #800000;\"><strong><span style=\"color: #0000ff;\">ENGLISH<\/span><\/strong><\/span><\/span><\/h4>\n<p><span style=\"font-family: verdana, geneva, sans-serif; font-size: 16px;\">In the Library of Isvara.org you will find <strong>different areas<\/strong> with <strong>different levels of access<\/strong>.<\/span><\/p>\n<ul>\n<li><span style=\"font-family: verdana, geneva, sans-serif; font-size: 16px;\">There is a free area for everyone without the need for any registration,<\/span><\/li>\n<li><span style=\"font-family: verdana, geneva, sans-serif; font-size: 16px;\">a second one (called <a href=\"\/archive\/category\/area2\/\"><strong>Area2<\/strong><\/a>) for which a subscription is required, <strong><a href=\"https:\/\/www.isvara.org\/archive\/membership\/\" rel=\"noopener\" data-wpel-link=\"internal\">which you can make here.<\/a><\/strong> <strong><span style=\"color: #800000;\">Site members must<\/span> <a href=\"\/archive\/member\/\">login<\/a> <span style=\"color: #800000;\">first<\/span>.<\/strong><\/span><\/li>\n<li><span style=\"font-family: verdana, geneva, sans-serif; font-size: 16px;\">and then various private areas that are accessible only to those who work in the publications that you will later find on\u00a0<a href=\"http:\/\/store.isvara.org\/\" target=\"_blank\" rel=\"noopener nofollow external noreferrer\" data-wpel-link=\"external\">Kadacha Editions<\/a>.<\/span><\/li>\n<\/ul>\n<p><span style=\"font-family: verdana, geneva, sans-serif; font-size: 16px;\">Over the next few months and years you will see a significant increase in the quantity of documents in written, audio and video formats in our\u00a0<a href=\"http:\/\/www.isvara.org\/\" target=\"_blank\" rel=\"noopener nofollow external noreferrer\" data-wpel-link=\"external\">Library<\/a>. We estimate that eventually they will exceed 100,000 units. Of these important spiritual treasures, some will be available to all, others reserved for\u00a0<a href=\"https:\/\/www.isvara.org\/archive\/membership\/\" target=\"_blank\" rel=\"noopener\" data-wpel-link=\"internal\">subscribers<\/a>\u00a0and still others remain private to facilitate the work of\u00a0<a href=\"http:\/\/store.isvara.org\/\" target=\"_blank\" rel=\"noopener nofollow external noreferrer\" data-wpel-link=\"external\">publishing books and video courses<\/a>.<\/span><\/p>\n<p><span style=\"font-family: verdana, geneva, sans-serif; font-size: 16px;\">The purpose of this restructuring is to provide a better organization for everyone and to raise the funds we need. For the subscription you can choose whether to do it annually or monthly. Those who ask for it can have a discount or even, in the case of special circumstances, access it for free.<\/span><\/p>\n<p><span style=\"font-family: verdana, geneva, sans-serif; font-size: 16px;\">If you choose the <strong>Bank transfer\/Venmo\/Zelle<\/strong> payment you will have to make the relevant payment immediately after subscription. Verified the payment you will be activated as a member and notified by email. The data and coordinates are:<\/span><\/p>\n<p><span style=\"font-family: verdana, geneva, sans-serif; font-size: 16px;\"><strong>Bank<\/strong> Address: Oriental Bank &amp; Trust &#8211; 997 San Roberto St. 5th. Floor &#8211; San Juan PR 00926<\/span><br \/>\n<span style=\"font-family: verdana, geneva, sans-serif; font-size: 16px;\">ABA (router): 221 571 415 &#8211; Account number: 1465 461 363 &#8211; Swift: OBPRPRSJ<\/span><br \/>\n<span style=\"font-family: verdana, geneva, sans-serif; font-size: 16px;\">Account name: Savelloni Mario<\/span><\/p>\n<table style=\"width: 100%; border-collapse: collapse; background-color: #ffffff;\">\n<tbody>\n<tr>\n<td style=\"width: 18.2788%;\"><span style=\"font-family: verdana, geneva, sans-serif; font-size: 16px;\"><img loading=\"lazy\" decoding=\"async\" class=\" wp-image-36725 alignnone\" src=\"https:\/\/www.isvara.org\/archive\/wp-content\/uploads\/venmo.png\" alt=\"\" width=\"80\" height=\"79\" \/><\/span><\/td>\n<td style=\"width: 81.7212%;\">\n<p><span style=\"font-family: verdana, geneva, sans-serif; font-size: 16px;\">Email: manonatha@gmail.com<\/span><\/p>\n<p><span style=\"font-family: verdana, geneva, sans-serif; font-size: 16px;\">Account: @Isvara-Org<\/span><\/p>\n<\/td>\n<\/tr>\n<tr>\n<td style=\"width: 18.2788%; background-color: #ffffff;\"><span style=\"font-family: verdana, geneva, sans-serif; font-size: 16px;\"><img loading=\"lazy\" decoding=\"async\" class=\" wp-image-36726 alignnone\" style=\"background-color: #ffffff;\" src=\"https:\/\/www.isvara.org\/archive\/wp-content\/uploads\/zelle.png\" alt=\"\" width=\"80\" height=\"45\" \/><\/span><\/td>\n<td style=\"width: 81.7212%; background-color: #ffffff;\"><span style=\"font-family: verdana, geneva, sans-serif; font-size: 16px;\">Email: manonatha@gmail.com<\/span><\/td>\n<\/tr>\n<\/tbody>\n<\/table>\n<p><span style=\"font-family: verdana, geneva, sans-serif; font-size: 16px;\"><div class=\"hrule clearfix\" style=\"background:#666666; height:1px\"><\/div><\/span><\/p>\n<p>&nbsp;<\/p>\n<h4><span style=\"color: #800000; font-family: verdana, geneva, sans-serif; font-size: 16px;\"><strong>ESPA\u00d1OL<\/strong><\/span><\/h4>\n<p><span style=\"font-family: verdana, geneva, sans-serif; font-size: 16px;\">En la Biblioteca de Isvara.org encontrar\u00e1s <strong>diferentes \u00e1reas<\/strong> con <strong>diferentes niveles de acceso<\/strong>.<\/span><\/p>\n<ul>\n<li><span style=\"font-family: verdana, geneva, sans-serif; font-size: 16px;\">Hay un \u00e1rea libre para todos sin necesidad de registro,<\/span><\/li>\n<li><span style=\"font-family: verdana, geneva, sans-serif; font-size: 16px;\">un segundo (llamado <a href=\"\/archive\/category\/area2\/\"><strong>Area2<\/strong><\/a>) para el que se requiere una suscripci\u00f3n,\u00a0<strong><a href=\"\/archive\/membership\/\" rel=\"noopener\" data-wpel-link=\"internal\">que puede realizar aqu\u00ed<\/a><\/strong>. <strong><span style=\"color: #800000;\">Los miembros del sitio deben<\/span> <a href=\"\/archive\/member\/\">login<\/a> <span style=\"color: #800000;\">primero<\/span>.<\/strong><\/span><\/li>\n<li><span style=\"font-family: verdana, geneva, sans-serif; font-size: 16px;\">y luego varias \u00e1reas privadas que son accesibles solo para quienes trabajan en las publicaciones que luego encontrar\u00e1 en\u00a0<a href=\"http:\/\/store.isvara.org\/\" target=\"_blank\" rel=\"noopener nofollow external noreferrer\" data-wpel-link=\"external\">Kadacha Editions<\/a>.\u00a0<\/span><\/li>\n<\/ul>\n<p><span style=\"font-family: verdana, geneva, sans-serif; font-size: 16px;\">Durante los pr\u00f3ximos meses y a\u00f1os, ver\u00e1 un aumento significativo en la cantidad de documentos en formato escrito, de audio y video en nuestra\u00a0<a href=\"http:\/\/www.isvara.org\/\" target=\"_blank\" rel=\"noopener nofollow external noreferrer\" data-wpel-link=\"external\">Biblioteca<\/a>. Estimamos que eventualmente superar\u00e1n las 100.000 unidades. De estos importantes tesoros espirituales, algunos estar\u00e1n disponibles para todos, otros reservados para\u00a0<a href=\"https:\/\/www.isvara.org\/archive\/membership\/\" target=\"_blank\" rel=\"noopener\" data-wpel-link=\"internal\">suscriptores<\/a>\u00a0y otros permanecer\u00e1n en forma privada para facilitar el trabajo de\u00a0<a href=\"http:\/\/store.isvara.org\/\" target=\"_blank\" rel=\"noopener nofollow external noreferrer\" data-wpel-link=\"external\">publicaci\u00f3n de libros y cursos de video<\/a>.<\/span><\/p>\n<p><span style=\"font-family: verdana, geneva, sans-serif; font-size: 16px;\">El prop\u00f3sito de esta reestructuraci\u00f3n es proporcionar una mejor organizaci\u00f3n para todos y recaudar los fondos que necesitamos. Para la suscripci\u00f3n puedes elegir si realizarla anualmente o mensualmente. Quienes lo soliciten pueden tener un descuento o incluso, en el caso de circunstancias especiales, acceder de forma gratuita.<\/span><\/p>\n<p><span style=\"font-family: verdana, geneva, sans-serif; font-size: 16px;\">Si elige el pago <strong>Bank transfer\/Venmo\/Zelle<\/strong>, deber\u00e1 realizar el pago correspondiente inmediatamente despu\u00e9s de la suscripci\u00f3n. Verificado el pago, se le activar\u00e1 como miembro y se le notificar\u00e1 por correo electr\u00f3nico. Los datos y coordenadas son:\u00a0<\/span><\/p>\n<p><span style=\"font-family: verdana, geneva, sans-serif; font-size: 16px;\"><strong>Bank<\/strong> Address: Oriental Bank &amp; Trust &#8211; 997 San Roberto St. 5th. Floor &#8211; San Juan PR 00926<\/span><br \/>\n<span style=\"font-family: verdana, geneva, sans-serif; font-size: 16px;\">ABA (router): 221 571 415 &#8211; Account number: 1465 461 363 &#8211; Swift: OBPRPRSJ<\/span><br \/>\n<span style=\"font-family: verdana, geneva, sans-serif; font-size: 16px;\">Account name: Savelloni Mario<\/span><\/p>\n<table style=\"width: 100%; border-collapse: collapse; background-color: #ffffff;\">\n<tbody>\n<tr>\n<td style=\"width: 18.2788%;\"><span style=\"font-family: verdana, geneva, sans-serif; font-size: 16px;\"><img loading=\"lazy\" decoding=\"async\" class=\" wp-image-36725 alignnone\" src=\"https:\/\/www.isvara.org\/archive\/wp-content\/uploads\/venmo.png\" alt=\"\" width=\"80\" height=\"79\" \/><\/span><\/td>\n<td style=\"width: 81.7212%;\">\n<p><span style=\"font-family: verdana, geneva, sans-serif; font-size: 16px;\">Email: manonatha@gmail.com<\/span><\/p>\n<p><span style=\"font-family: verdana, geneva, sans-serif; font-size: 16px;\">Account: @Isvara-Org<\/span><\/p>\n<\/td>\n<\/tr>\n<tr>\n<td style=\"width: 18.2788%; background-color: #ffffff;\"><span style=\"font-family: verdana, geneva, sans-serif; font-size: 16px;\"><img loading=\"lazy\" decoding=\"async\" class=\" wp-image-36726 alignnone\" style=\"background-color: #ffffff;\" src=\"https:\/\/www.isvara.org\/archive\/wp-content\/uploads\/zelle.png\" alt=\"\" width=\"80\" height=\"45\" \/><\/span><\/td>\n<td style=\"width: 81.7212%; background-color: #ffffff;\"><span style=\"font-family: verdana, geneva, sans-serif; font-size: 16px;\">Email: manonatha@gmail.com<\/span><\/td>\n<\/tr>\n<\/tbody>\n<\/table>\n<h4><span style=\"font-family: verdana, geneva, sans-serif; font-size: 16px;\"><div class=\"hrule clearfix\" style=\"background:#666666; height:1px\"><\/div><\/span><\/h4>\n<p>&nbsp;<\/p>\n<h4><span style=\"color: #800000; font-family: verdana, geneva, sans-serif; font-size: 16px;\"><strong>ITALIANO<\/strong><\/span><\/h4>\n<p><span style=\"font-family: verdana, geneva, sans-serif; font-size: 16px;\">Nella Biblioteca di Isvara.org trovate <strong>diverse aree<\/strong> con <strong>differenti livelli di accesso<\/strong>.<\/span><\/p>\n<ul>\n<li><span style=\"font-family: verdana, geneva, sans-serif; font-size: 16px;\">C\u2019\u00e8 un\u2019area libera per tutti senza bisogno di alcuna iscrizione,<\/span><\/li>\n<li><span style=\"font-family: verdana, geneva, sans-serif; font-size: 16px;\">una seconda (chiamata appunto <a href=\"\/archive\/category\/area2\/\"><strong>Area2<\/strong><\/a>) per la quale \u00e8 necessario un abbonamento, <strong><a href=\"https:\/\/www.isvara.org\/archive\/membership\/\" rel=\"noopener\" data-wpel-link=\"internal\">che potete effettuare qui<\/a><\/strong>. <strong><span style=\"color: #800000;\">I gi\u00e0 iscritti al sito devono prima effettuare il<\/span> <a href=\"\/archive\/member\/\">login<\/a><\/strong>.<\/span><\/li>\n<li><span style=\"font-family: verdana, geneva, sans-serif; font-size: 16px;\">e poi varie aree private che sono accessibili solo a coloro che lavorano nelle pubblicazioni che poi troverete su\u00a0<a href=\"http:\/\/store.isvara.org\/\" target=\"_blank\" rel=\"noopener nofollow external noreferrer\" data-wpel-link=\"external\">Kadacha Editions<\/a>.<\/span><\/li>\n<\/ul>\n<p><span style=\"font-family: verdana, geneva, sans-serif; font-size: 16px;\">Nel corso dei prossimi mesi e anni vedrete un incremento ingente della quantit\u00e0 dei documenti in formato scritto, audio e video presenti nella nostra <a href=\"http:\/\/www.isvara.org\/\" target=\"_blank\" rel=\"noopener nofollow external noreferrer\" data-wpel-link=\"external\">Biblioteca<\/a>. Calcoliamo che eventualmente supereranno le 100.000 unit\u00e0. Di questi importanti tesori spirituali, una parte saranno disponibili a tutti, altri riservati agli <a href=\"https:\/\/www.isvara.org\/archive\/membership\/\" target=\"_blank\" rel=\"noopener\" data-wpel-link=\"internal\">abbonati<\/a>\u00a0e altri ancora rimangono in forma privata per facilitare il lavoro di\u00a0<a href=\"http:\/\/store.isvara.org\/\" target=\"_blank\" rel=\"nofollow external noopener noreferrer\" data-wpel-link=\"external\">pubblicazione di libri e di corsi video<\/a>.<\/span><\/p>\n<p><span style=\"font-family: verdana, geneva, sans-serif; font-size: 16px;\">Lo scopo di questa ristrutturazione \u00e8 di dare una migliore organizzazione per tutti e di raccogliere i fondi di cui abbiamo bisogno. Per l\u2019abbonamento potete scegliere se farlo annuale o mensile. Coloro che lo richiedono possono avere uno sconto o anche, nel caso di circostanze particolari, di accedere gratuitamente.<\/span><\/p>\n<p><span style=\"font-family: verdana, geneva, sans-serif; font-size: 16px;\">Se si sceglie il pagamento <strong>Bank transfer\/Venmo\/Zelle<\/strong> si dovr\u00e0 affettuare il pagamento relativo subito dopo la sottoscrizione. Verificato il pagamento sarete attivati come membri e avvisati via email. I dati e le coordinate sono:<\/span><\/p>\n<p><span style=\"font-family: verdana, geneva, sans-serif; font-size: 16px;\"><strong>Bank<\/strong> Address: Oriental Bank &amp; Trust &#8211; 997 San Roberto St. 5th. Floor &#8211; San Juan PR 00926<\/span><br \/>\n<span style=\"font-family: verdana, geneva, sans-serif; font-size: 16px;\">ABA (router): 221 571 415 &#8211; Account number: 1465 461 363 &#8211; Swift: OBPRPRSJ<\/span><br \/>\n<span style=\"font-family: verdana, geneva, sans-serif; font-size: 16px;\">Account name: Savelloni Mario<\/span><\/p>\n<table style=\"width: 100%; border-collapse: collapse; background-color: #ffffff;\">\n<tbody>\n<tr>\n<td style=\"width: 18.2788%;\"><span style=\"font-family: verdana, geneva, sans-serif; font-size: 16px;\"><img loading=\"lazy\" decoding=\"async\" class=\" wp-image-36725 alignnone\" src=\"https:\/\/www.isvara.org\/archive\/wp-content\/uploads\/venmo.png\" alt=\"\" width=\"80\" height=\"79\" \/><\/span><\/td>\n<td style=\"width: 81.7212%;\">\n<p><span style=\"font-family: verdana, geneva, sans-serif; font-size: 16px;\">Email: manonatha@gmail.com<\/span><\/p>\n<p><span style=\"font-family: verdana, geneva, sans-serif; font-size: 16px;\">Account: @Isvara-Org<\/span><\/p>\n<\/td>\n<\/tr>\n<tr>\n<td style=\"width: 18.2788%; background-color: #ffffff;\"><span style=\"font-family: verdana, geneva, sans-serif; font-size: 16px;\"><img loading=\"lazy\" decoding=\"async\" class=\" wp-image-36726 alignnone\" style=\"background-color: #ffffff;\" src=\"https:\/\/www.isvara.org\/archive\/wp-content\/uploads\/zelle.png\" alt=\"\" width=\"80\" height=\"45\" \/><\/span><\/td>\n<td style=\"width: 81.7212%; background-color: #ffffff;\"><span style=\"font-family: verdana, geneva, sans-serif; font-size: 16px;\">Email: manonatha@gmail.com<\/span><\/td>\n<\/tr>\n<\/tbody>\n<\/table>\n<p><span style=\"font-family: verdana, geneva, sans-serif; font-size: 16px;\"><div class=\"hrule clearfix\" style=\"background:#666666; height:1px\"><\/div><\/span><\/p>\n<p>&nbsp;<\/p>\n","protected":false},"excerpt":{"rendered":"<p>ENGLISH In the Library of Isvara.org you will find different areas with different levels of access. There is a free area for everyone without the need for any registration, a second one (called Area2) for which &hellip; <a class=\"kt-excerpt-readmore\" href=\"https:\/\/www.isvara.org\/archive\/area2-info-in-english-espanol-italiano\/\" aria-label=\"Area2 &#8211; info in English, Espa\u00f1ol, Italiano\">Read More<\/a><\/p>\n","protected":false},"author":2,"featured_media":31503,"parent":0,"menu_order":0,"comment_status":"closed","ping_status":"closed","template":"","meta":{"footnotes":""},"class_list":["post-31521","page","type-page","status-publish","has-post-thumbnail","hentry"],"publishpress_future_workflow_manual_trigger":{"enabledWorkflows":[]},"_links":{"self":[{"href":"https:\/\/www.isvara.org\/archive\/wp-json\/wp\/v2\/pages\/31521","targetHints":{"allow":["GET"]}}],"collection":[{"href":"https:\/\/www.isvara.org\/archive\/wp-json\/wp\/v2\/pages"}],"about":[{"href":"https:\/\/www.isvara.org\/archive\/wp-json\/wp\/v2\/types\/page"}],"author":[{"embeddable":true,"href":"https:\/\/www.isvara.org\/archive\/wp-json\/wp\/v2\/users\/2"}],"replies":[{"embeddable":true,"href":"https:\/\/www.isvara.org\/archive\/wp-json\/wp\/v2\/comments?post=31521"}],"version-history":[{"count":0,"href":"https:\/\/www.isvara.org\/archive\/wp-json\/wp\/v2\/pages\/31521\/revisions"}],"wp:featuredmedia":[{"embeddable":true,"href":"https:\/\/www.isvara.org\/archive\/wp-json\/wp\/v2\/media\/31503"}],"wp:attachment":[{"href":"https:\/\/www.isvara.org\/archive\/wp-json\/wp\/v2\/media?parent=31521"}],"curies":[{"name":"wp","href":"https:\/\/api.w.org\/{rel}","templated":true}]}}