{"id":28963,"date":"2021-12-21T14:05:18","date_gmt":"2021-12-21T19:05:18","guid":{"rendered":"https:\/\/www.isvara.org\/archive\/?page_id=28963"},"modified":"2025-03-18T18:19:31","modified_gmt":"2025-03-18T12:49:31","slug":"membership","status":"publish","type":"page","link":"https:\/\/www.isvara.org\/archive\/membership\/","title":{"rendered":"Membership Area"},"content":{"rendered":"<p><strong><span style=\"font-size: 20px;\">Membership reserved Area2 Subscription<\/span><\/strong><\/p>\n<blockquote>\n<p><span style=\"font-size: 12px; color: #c90000;\"><strong>(EN) Existing members<\/strong> of the site must <strong><a style=\"color: #c90000; text-decoration: underline;\" href=\"\/archive\/member\/\" data-wpel-link=\"internal\">login<\/a> <\/strong>first, otherwise the registration data below will also be requested.<br \/>\n<strong>(ES) Los miembros existentes<\/strong> del sitio deben <strong><span style=\"text-decoration: underline;\"><a style=\"color: #c90000; text-decoration: underline;\" href=\"\/archive\/member\/\" data-wpel-link=\"internal\">login<\/a><\/span><\/strong> primero, de lo contrario tambi\u00e9n se solicitar\u00e1n los datos de registro a continuaci\u00f3n.<br \/>\n<strong>(IT) I gi\u00e0 iscritti<\/strong> al sito devono prima effettuare il <strong><span style=\"text-decoration: underline;\"><a style=\"color: #c90000; text-decoration: underline;\" href=\"\/archive\/member\/\" data-wpel-link=\"internal\">login<\/a><\/span><\/strong>, altrimenti saranno richiesti anche i dati di registrazione qui sotto.<\/span><\/p>\n<\/blockquote>\n<p><span style=\"font-size: 12px;\"><strong>[pms-logout]<\/strong><\/span><\/p>\n<hr \/>\n<p style=\"text-align: left;\"><strong class=\"nowrap\">[pms-register]<\/strong><\/p>\n<hr \/>\n<p style=\"text-align: center;\"><a href=\"\/archive\/member\/\">Member Area Login\/Account <\/a>| **<a href=\"\/archive\/area2-info\/\" target=\"_blank\" rel=\"noopener\">Info Area &amp; Payments<\/a><\/p>\n<p style=\"text-align: center;\">*<a href=\"\/archive\/privacy-policy\/\" target=\"_blank\" rel=\"noopener\">Privacy &amp; Cookie Policy<\/a><\/p>\n<hr \/>\n<p>&nbsp;<\/p>\n","protected":false},"excerpt":{"rendered":"<p>Membership reserved Area2 Subscription (EN) Existing members of the site must login first, otherwise the registration data below will also be requested. (ES) Los miembros existentes del sitio deben login primero, de lo contrario tambi\u00e9n se &hellip; <a class=\"kt-excerpt-readmore\" href=\"https:\/\/www.isvara.org\/archive\/membership\/\" aria-label=\"Membership Area\">Read More<\/a><\/p>\n","protected":false},"author":2,"featured_media":0,"parent":0,"menu_order":0,"comment_status":"closed","ping_status":"closed","template":"","meta":{"footnotes":""},"class_list":["post-28963","page","type-page","status-publish","hentry"],"publishpress_future_workflow_manual_trigger":{"enabledWorkflows":[]},"_links":{"self":[{"href":"https:\/\/www.isvara.org\/archive\/wp-json\/wp\/v2\/pages\/28963","targetHints":{"allow":["GET"]}}],"collection":[{"href":"https:\/\/www.isvara.org\/archive\/wp-json\/wp\/v2\/pages"}],"about":[{"href":"https:\/\/www.isvara.org\/archive\/wp-json\/wp\/v2\/types\/page"}],"author":[{"embeddable":true,"href":"https:\/\/www.isvara.org\/archive\/wp-json\/wp\/v2\/users\/2"}],"replies":[{"embeddable":true,"href":"https:\/\/www.isvara.org\/archive\/wp-json\/wp\/v2\/comments?post=28963"}],"version-history":[{"count":0,"href":"https:\/\/www.isvara.org\/archive\/wp-json\/wp\/v2\/pages\/28963\/revisions"}],"wp:attachment":[{"href":"https:\/\/www.isvara.org\/archive\/wp-json\/wp\/v2\/media?parent=28963"}],"curies":[{"name":"wp","href":"https:\/\/api.w.org\/{rel}","templated":true}]}}